{"id":115,"date":"2021-05-01T16:29:20","date_gmt":"2021-05-01T14:29:20","guid":{"rendered":"https:\/\/juliecharlemaine.com\/?page_id=115"},"modified":"2022-10-27T00:00:05","modified_gmt":"2022-10-26T22:00:05","slug":"temoignages","status":"publish","type":"page","link":"https:\/\/juliecharlemaine.com\/index.php\/temoignages\/","title":{"rendered":"T\u00e9moignages"},"content":{"rendered":"\n<blockquote class=\"wp-block-quote\"><p>Julie est une personne tr\u00e8s \u00e0 l&rsquo;\u00e9coute, bienveillante et pleine d&#8217;empathie. Elle m&rsquo;a aid\u00e9e \u00e0 un moment de ma vie o\u00f9 j&rsquo;avais besoin d&rsquo;une personne comme elle. Je continue \u00e0 pratiquer les exercices qu&rsquo;elle m&rsquo;a conseill\u00e9s. N&rsquo;h\u00e9sitez pas \u00e0 la contacter.<\/p><cite>EvElyne warth<\/cite><\/blockquote>\n\n\n\n<blockquote class=\"wp-block-quote\"><p>Vous partirez de chez Julie l&rsquo;esprit apais\u00e9 et l&rsquo;\u00e2me plus sereine. Elle vous laisse les outils pour poursuivre votre cheminement int\u00e9rieur. Il ne faut pas h\u00e9siter \u00e0 aller la voir, un pas vers elle c&rsquo;est un pas capital vers et pour vous.<\/p><cite>G. kleis<\/cite><\/blockquote>\n\n\n\n<blockquote class=\"wp-block-quote\"><p>Bonjour Je dois avouer que Julie a fait des merveilles pour notre fils. Il lui a fallu 2 s\u00e9ances seulement pour l&rsquo;aider \u00e0 aller mieux. Julie est douce, gentille, elle comprend, entend \u00e9coute les enfants. (Se sont les mots de &lsquo;mon fils&rsquo;) Elle fait d&rsquo;apr\u00e8s lui de la magie &#8230;. Mon mari et moi-m\u00eame sans compter notre fils recommandons vivement Julie \u2764\ufe0f<\/p><cite>rachel bonnet<\/cite><\/blockquote>\n\n\n\n<blockquote class=\"wp-block-quote\"><p>Deux s\u00e9ance d&rsquo;hypnose avec Julie.<br>Comment vous dire, je qualifierai ce moment comme un moment d&rsquo;\u00e9vasion et d&rsquo;apaisement de l&rsquo;esprit.<br>Dans un premier temps par son accueil bien veillant, doux et en confiance imm\u00e9diate.<br>Ensuite par l&rsquo;exp\u00e9rience que procure l&rsquo;hypnose.<br>C&rsquo;est comme un cocon notre cocon, notre subconscient qui se montre et franchement \u00e7a fait du bien.<br>Chaque jour il y a du changement pour moi depuis et c&rsquo;est un r\u00e9gal d&rsquo;avancer pas \u00e0 pas sans gardez le contr\u00f4le de quoi que ce soit.<br>Je vous conseil fortement de venir \u00e0 la rencontre de Julie.<br>Les yeux ferm\u00e9s ou ouvert \u00e0 vous de voir.<br>Merci Julie pour votre aide \u00e0 d\u00e9couvrir une partie de moi enfouis.. \ud83d\ude4f<\/p><cite>marine dach<\/cite><\/blockquote>\n\n\n\n<blockquote class=\"wp-block-quote\"><p>Julie a une excellente approche avec les enfants. Ma fille a\u00een\u00e9e, neuroatypique, avait besoin des conseils de Julie pour apprendre \u00e0 mieux g\u00e9rer son stress. Elle est repartie tr\u00e8s bien outill\u00e9e&#8230; et tr\u00e8s d\u00e9\u00e7ue de ne pas y aller plus souvent ! Je recommande vivement cette praticienne.<\/p><cite>G\u00e9raldine sohet<\/cite><\/blockquote>\n\n\n\n<blockquote class=\"wp-block-quote\"><p>Julie est tr\u00e8s \u00e0 l&rsquo;\u00e9coute, on peut se confier sans jugement. Un travail efficace et elle nous donne toutes les clefs pour se sentir plus \u00e0 l&rsquo;aise avec soi-m\u00eame et avec nos \u00e9motions gr\u00e2ce \u00e0 la sophrologie mais aussi gr\u00e2ce l&rsquo;hypnose. Je recommande \u00e0 200%!<\/p><cite>Lauriane maire<\/cite><\/blockquote>\n\n\n\n<blockquote class=\"wp-block-quote\"><p>Des exercices pratiques, concrets avec des \u00e9changes et une grande \u00e9coute. C&rsquo;est une belle aventure encadr\u00e9e par une professionnelle qui conseille et adapte les propositions de s\u00e9ances selon les besoins. Merci pour votre bienveillance<\/p><cite>L.g.<\/cite><\/blockquote>\n\n\n\n<blockquote class=\"wp-block-quote\"><p>Julie est d&rsquo;une tr\u00e8s grande gentillesse et d&rsquo;une tr\u00e8s grande \u00e9coute et ceci aussi bien envers les enfants que les adultes.<\/p><p>Je la recommande fortement !<\/p><cite>Virginie M.<\/cite><\/blockquote>\n\n\n\n<blockquote class=\"wp-block-quote\"><p>On ne choisit pas les moments ou les personnes que l&rsquo;on rencontre. Julie fait partie de ces gens l\u00e0. On m avait donn\u00e9 les coordonn\u00e9es de Julie en me disant : elle m&rsquo;a fait un bien fou. J ai attendu et le moment est venu, j avais tellement de peur et de col\u00e8re en moi que je ne savais plus comment faire. En 3 s\u00e9ances ( 1 sophro et 2 hypno) Julie m&rsquo;a aid\u00e9 car elle ne dira pas que c&rsquo;est gr\u00e2ce \u00e0 elle a me retrouv\u00e9. MERCI Julie.<\/p><cite>celine jehl<\/cite><\/blockquote>\n\n\n\n<blockquote class=\"wp-block-quote\"><p>S\u00e9ance faite avec mon fils. Belle \u00e9coute. Julie a vraiment su mettre en confiance mon fils qui \u00e9tait pourtant m\u00e9fiant au d\u00e9but. On est ressortis tous deux enchant\u00e9s et on reprendra les exercices propos\u00e9s \u00e0 la maison.<\/p><cite>sylvane siegel<\/cite><\/blockquote>\n","protected":false},"excerpt":{"rendered":"<p>Julie est une personne tr\u00e8s \u00e0 l&rsquo;\u00e9coute, bienveillante et pleine d&#8217;empathie. Elle m&rsquo;a aid\u00e9e \u00e0 un moment de ma vie o\u00f9 j&rsquo;avais besoin d&rsquo;une personne comme elle. Je continue \u00e0 pratiquer les exercices qu&rsquo;elle m&rsquo;a conseill\u00e9s. N&rsquo;h\u00e9sitez pas \u00e0 la contacter. EvElyne warth Vous partirez de chez Julie l&rsquo;esprit apais\u00e9 et l&rsquo;\u00e2me plus sereine. Elle [&hellip;]<\/p>\n","protected":false},"author":1,"featured_media":0,"parent":0,"menu_order":0,"comment_status":"closed","ping_status":"closed","template":"","meta":[],"_links":{"self":[{"href":"https:\/\/juliecharlemaine.com\/index.php\/wp-json\/wp\/v2\/pages\/115"}],"collection":[{"href":"https:\/\/juliecharlemaine.com\/index.php\/wp-json\/wp\/v2\/pages"}],"about":[{"href":"https:\/\/juliecharlemaine.com\/index.php\/wp-json\/wp\/v2\/types\/page"}],"author":[{"embeddable":true,"href":"https:\/\/juliecharlemaine.com\/index.php\/wp-json\/wp\/v2\/users\/1"}],"replies":[{"embeddable":true,"href":"https:\/\/juliecharlemaine.com\/index.php\/wp-json\/wp\/v2\/comments?post=115"}],"version-history":[{"count":14,"href":"https:\/\/juliecharlemaine.com\/index.php\/wp-json\/wp\/v2\/pages\/115\/revisions"}],"predecessor-version":[{"id":270,"href":"https:\/\/juliecharlemaine.com\/index.php\/wp-json\/wp\/v2\/pages\/115\/revisions\/270"}],"wp:attachment":[{"href":"https:\/\/juliecharlemaine.com\/index.php\/wp-json\/wp\/v2\/media?parent=115"}],"curies":[{"name":"wp","href":"https:\/\/api.w.org\/{rel}","templated":true}]}}