{"id":14,"date":"2021-04-30T23:17:47","date_gmt":"2021-04-30T21:17:47","guid":{"rendered":"http:\/\/juliecharlemaine.com\/?page_id=14"},"modified":"2025-12-16T14:31:49","modified_gmt":"2025-12-16T13:31:49","slug":"accueil","status":"publish","type":"page","link":"https:\/\/juliecharlemaine.com\/","title":{"rendered":"Accueil"},"content":{"rendered":"\n<p>Bienvenue, <\/p>\n\n\n\n<p>Sophrologue et hypnoth\u00e9rapeute bas\u00e9e \u00e0 Bolsenheim, \u00e0 proximit\u00e9 de Erstein et Benfeld, je vous accueille pour des s\u00e9ances individuelles du lundi au samedi. D\u00e9couvrez ma pratique en cliquant sur les diff\u00e9rents th\u00e8mes.<\/p>\n\n\n\n<div class=\"wp-container-1 wp-block-buttons\">\n<div class=\"wp-block-button aligncenter\"><a class=\"wp-block-button__link\" href=\"https:\/\/juliecharlemaine.com\/index.php\/prise-de-rendez-vous\/\">Prendre rendez-vous<\/a><\/div>\n<\/div>\n\n\n\n<h2>Mes pratiques<\/h2>\n\n\n\n<div class=\"wp-container-4 wp-block-columns\">\n<div class=\"wp-container-2 wp-block-column\"><div class=\"wp-block-image\">\n<figure class=\"aligncenter size-full is-resized\"><a href=\"https:\/\/juliecharlemaine.com\/index.php\/a-propos\/#sophro\"><img loading=\"lazy\" src=\"https:\/\/juliecharlemaine.com\/wp-content\/uploads\/2022\/09\/Sophrologue_Erstein_Benfeld_Charlemaine.png\" alt=\"\" class=\"wp-image-244\" width=\"259\" height=\"245\"\/><\/a><figcaption>Sophrologie<\/figcaption><\/figure><\/div><\/div>\n\n\n\n<div class=\"wp-container-3 wp-block-column\"><div class=\"wp-block-image\">\n<figure class=\"aligncenter size-large is-resized\"><a href=\"https:\/\/juliecharlemaine.com\/index.php\/a-propos\/#hypno\"><img loading=\"lazy\" src=\"https:\/\/juliecharlemaine.com\/wp-content\/uploads\/2022\/09\/Hypnose_Hypnotherapie_Erstein_Benfeld_Charlemaine-1024x768.jpg\" alt=\"\" class=\"wp-image-184\" width=\"298\" height=\"223\" srcset=\"https:\/\/juliecharlemaine.com\/wp-content\/uploads\/2022\/09\/Hypnose_Hypnotherapie_Erstein_Benfeld_Charlemaine-1024x768.jpg 1024w, https:\/\/juliecharlemaine.com\/wp-content\/uploads\/2022\/09\/Hypnose_Hypnotherapie_Erstein_Benfeld_Charlemaine-300x225.jpg 300w, https:\/\/juliecharlemaine.com\/wp-content\/uploads\/2022\/09\/Hypnose_Hypnotherapie_Erstein_Benfeld_Charlemaine-768x576.jpg 768w, https:\/\/juliecharlemaine.com\/wp-content\/uploads\/2022\/09\/Hypnose_Hypnotherapie_Erstein_Benfeld_Charlemaine-900x675.jpg 900w, https:\/\/juliecharlemaine.com\/wp-content\/uploads\/2022\/09\/Hypnose_Hypnotherapie_Erstein_Benfeld_Charlemaine.jpg 1080w\" sizes=\"(max-width: 298px) 100vw, 298px\" \/><\/a><figcaption>Hypnose<\/figcaption><\/figure><\/div><\/div>\n<\/div>\n\n\n\n<div class=\"wp-container-7 wp-block-columns\">\n<div class=\"wp-container-5 wp-block-column\"><div class=\"wp-block-image\">\n<figure class=\"aligncenter size-full\"><a href=\"https:\/\/juliecharlemaine.com\/index.php\/a-propos\/\"><img loading=\"lazy\" width=\"474\" height=\"266\" src=\"https:\/\/juliecharlemaine.com\/wp-content\/uploads\/2025\/12\/image-EFT.jpg\" alt=\"\" class=\"wp-image-274\" srcset=\"https:\/\/juliecharlemaine.com\/wp-content\/uploads\/2025\/12\/image-EFT.jpg 474w, https:\/\/juliecharlemaine.com\/wp-content\/uploads\/2025\/12\/image-EFT-300x168.jpg 300w\" sizes=\"(max-width: 474px) 100vw, 474px\" \/><\/a><figcaption>EFT-H<\/figcaption><\/figure><\/div><\/div>\n\n\n\n<div class=\"wp-container-6 wp-block-column\"><div class=\"wp-block-image\">\n<figure class=\"aligncenter size-full is-resized\"><a href=\"https:\/\/juliecharlemaine.com\/index.php\/a-propos\/#dietethic\"><img loading=\"lazy\" src=\"https:\/\/juliecharlemaine.com\/wp-content\/uploads\/2022\/09\/Julie_Charlemaine_Diet_Ethic_Minceur_Perte_Poids_Erstein_Benfeld.jpg\" alt=\"\" class=\"wp-image-242\" width=\"193\" height=\"201\" srcset=\"https:\/\/juliecharlemaine.com\/wp-content\/uploads\/2022\/09\/Julie_Charlemaine_Diet_Ethic_Minceur_Perte_Poids_Erstein_Benfeld.jpg 800w, https:\/\/juliecharlemaine.com\/wp-content\/uploads\/2022\/09\/Julie_Charlemaine_Diet_Ethic_Minceur_Perte_Poids_Erstein_Benfeld-288x300.jpg 288w, https:\/\/juliecharlemaine.com\/wp-content\/uploads\/2022\/09\/Julie_Charlemaine_Diet_Ethic_Minceur_Perte_Poids_Erstein_Benfeld-768x799.jpg 768w\" sizes=\"(max-width: 193px) 100vw, 193px\" \/><\/a><figcaption>Diet&rsquo;ethic<\/figcaption><\/figure><\/div><\/div>\n<\/div>\n\n\n\n<div class=\"wp-container-9 wp-block-columns\">\n<div class=\"wp-container-8 wp-block-column\" style=\"flex-basis:100%\">\n<p>Attention ! Informations importantes : <\/p>\n\n\n\n<ul><li>Ma pratique ne se substitue en aucun cas \u00e0 la m\u00e9decine.<\/li><li>Je ne suis ni m\u00e9decin, ni psychiatre, ni psychologue, ni di\u00e9t\u00e9ticienne.<\/li><li>Toute situation d\u2019ordre m\u00e9dical sera r\u00e9orient\u00e9e vers un professionnel de sant\u00e9 comp\u00e9tent. Je ne pose pas de diagnostic et ne modifie aucun traitement.<\/li><\/ul>\n<\/div>\n<\/div>\n\n\n\n<p><\/p>\n\n\n\n<div class=\"wp-container-10 is-content-justification-center wp-block-buttons\">\n<div class=\"wp-block-button is-style-fill\"><a class=\"wp-block-button__link\" href=\"https:\/\/juliecharlemaine.com\/index.php\/prise-de-rendez-vous\/\">Prendre rendez-vous<\/a><\/div>\n<\/div>\n\n\n<div class=\"wp-block-image\">\n<figure class=\"aligncenter size-large is-resized\"><img loading=\"lazy\" src=\"https:\/\/juliecharlemaine.com\/wp-content\/uploads\/2021\/05\/Libellule_sophro_julie_charlemaine.png\" alt=\"\" class=\"wp-image-128\" width=\"228\" height=\"87\" srcset=\"https:\/\/juliecharlemaine.com\/wp-content\/uploads\/2021\/05\/Libellule_sophro_julie_charlemaine.png 961w, https:\/\/juliecharlemaine.com\/wp-content\/uploads\/2021\/05\/Libellule_sophro_julie_charlemaine-300x115.png 300w, https:\/\/juliecharlemaine.com\/wp-content\/uploads\/2021\/05\/Libellule_sophro_julie_charlemaine-768x295.png 768w, https:\/\/juliecharlemaine.com\/wp-content\/uploads\/2021\/05\/Libellule_sophro_julie_charlemaine-900x346.png 900w\" sizes=\"(max-width: 228px) 100vw, 228px\" \/><figcaption>SOPHROLOGIE &amp; HYPNOSE<\/figcaption><\/figure><\/div>\n\n\n<h4>Coordonn\u00e9es<\/h4>\n\n\n\n<p>Tel : <a href=\"tel:+33624303240\">06 24 30 32 40<\/a><br>Mail : <a href=\"mailto:juliecharlemaine@hotmail.com\">juliecharlemaine@hotmail.com<\/a><br>Adresse : 28 Rue principale, 67150 BOLSENHEIM<\/p>\n\n\n\n<h4 class=\"alignfull has-text-align-center\">Tarifs et modes de paiement<\/h4>\n\n\n\n<div class=\"wp-container-16 wp-block-group\"><div class=\"wp-block-group__inner-container\">\n<div class=\"wp-container-15 wp-block-group\"><div class=\"wp-block-group__inner-container\">\n<div class=\"wp-container-14 wp-block-columns\">\n<div class=\"wp-container-13 wp-block-column is-vertically-aligned-bottom\" style=\"flex-basis:100%\">\n<figure class=\"wp-block-table\"><table><tbody><tr><td><\/td><td><\/td><td><\/td><td><\/td><td><\/td><td><\/td><td><\/td><td><\/td><td><\/td><\/tr><tr><td><\/td><td><strong>S\u00e9ances <\/strong><br><\/td><td><\/td><td><\/td><td><\/td><td><\/td><td><\/td><td><\/td><td><\/td><\/tr><tr><td><\/td><td>S\u00e9ance d\u00e9couverte <\/td><td><\/td><td>60\u20ac<\/td><td><\/td><td><\/td><td><\/td><td><\/td><td><\/td><\/tr><tr><td><\/td><td>S\u00e9ance de suivi selon la m\u00e9thode adapt\u00e9e <\/td><td><\/td><td>60 \u00e0 70\u20ac<\/td><td><\/td><td><\/td><td><\/td><td><\/td><td><\/td><\/tr><\/tbody><\/table><\/figure>\n\n\n\n<figure class=\"wp-block-table\"><table><tbody><tr><td><\/td><td><\/td><td><\/td><td><\/td><td><\/td><td><\/td><td><\/td><td><\/td><td><\/td><\/tr><tr><td><strong>Modes de paiement<\/strong><\/td><td><br><\/td><td><\/td><td><\/td><td><\/td><td><\/td><td><\/td><td><\/td><td><\/td><\/tr><tr><td>Ch\u00e8que &#8211; Esp\u00e8ces &#8211; Virement instantan\u00e9<\/td><td><\/td><td><\/td><td><\/td><td><\/td><td><\/td><td><\/td><td><\/td><td><\/td><\/tr><tr><td><\/td><td><\/td><td><\/td><td><\/td><td><\/td><td><\/td><td><\/td><td><\/td><td><\/td><\/tr><\/tbody><\/table><\/figure>\n\n\n\n<div class=\"wp-container-12 wp-block-columns\">\n<div class=\"wp-container-11 wp-block-column\" style=\"flex-basis:100%\"><\/div>\n<\/div>\n\n\n\n<p><\/p>\n\n\n\n<p><\/p>\n<\/div>\n<\/div>\n<\/div><\/div>\n<\/div><\/div>\n\n\n\n<p><\/p>\n","protected":false},"excerpt":{"rendered":"<p>Bienvenue, Sophrologue et hypnoth\u00e9rapeute bas\u00e9e \u00e0 Bolsenheim, \u00e0 proximit\u00e9 de Erstein et Benfeld, je vous accueille pour des s\u00e9ances individuelles du lundi au samedi. D\u00e9couvrez ma pratique en cliquant sur les diff\u00e9rents th\u00e8mes. Mes pratiques Attention ! Informations importantes : Ma pratique ne se substitue en aucun cas \u00e0 la m\u00e9decine. Je ne suis ni [&hellip;]<\/p>\n","protected":false},"author":1,"featured_media":0,"parent":0,"menu_order":0,"comment_status":"closed","ping_status":"closed","template":"","meta":[],"_links":{"self":[{"href":"https:\/\/juliecharlemaine.com\/index.php\/wp-json\/wp\/v2\/pages\/14"}],"collection":[{"href":"https:\/\/juliecharlemaine.com\/index.php\/wp-json\/wp\/v2\/pages"}],"about":[{"href":"https:\/\/juliecharlemaine.com\/index.php\/wp-json\/wp\/v2\/types\/page"}],"author":[{"embeddable":true,"href":"https:\/\/juliecharlemaine.com\/index.php\/wp-json\/wp\/v2\/users\/1"}],"replies":[{"embeddable":true,"href":"https:\/\/juliecharlemaine.com\/index.php\/wp-json\/wp\/v2\/comments?post=14"}],"version-history":[{"count":56,"href":"https:\/\/juliecharlemaine.com\/index.php\/wp-json\/wp\/v2\/pages\/14\/revisions"}],"predecessor-version":[{"id":294,"href":"https:\/\/juliecharlemaine.com\/index.php\/wp-json\/wp\/v2\/pages\/14\/revisions\/294"}],"wp:attachment":[{"href":"https:\/\/juliecharlemaine.com\/index.php\/wp-json\/wp\/v2\/media?parent=14"}],"curies":[{"name":"wp","href":"https:\/\/api.w.org\/{rel}","templated":true}]}}